{"id":410,"date":"2025-02-21T09:25:40","date_gmt":"2025-02-21T08:25:40","guid":{"rendered":"https:\/\/luxuryvillastenerife.com\/home\/"},"modified":"2025-10-06T10:32:00","modified_gmt":"2025-10-06T08:32:00","slug":"home","status":"publish","type":"page","link":"http:\/\/luxuryvillastenerife.com\/es\/","title":{"rendered":"HOME"},"content":{"rendered":"\t\t<div data-elementor-type=\"wp-page\" data-elementor-id=\"410\" class=\"elementor elementor-410 elementor-82\" data-elementor-post-type=\"page\">\n\t\t\t\t<div class=\"elementor-element elementor-element-bfce113 e-con-full e-flex elementor-invisible e-con e-parent\" data-id=\"bfce113\" data-element_type=\"container\" data-settings=\"{&quot;background_background&quot;:&quot;classic&quot;,&quot;animation&quot;:&quot;fadeIn&quot;}\">\n\t\t<div class=\"elementor-element elementor-element-35c3f3c e-flex e-con-boxed e-con e-child\" data-id=\"35c3f3c\" data-element_type=\"container\">\n\t\t\t\t\t<div class=\"e-con-inner\">\n\t\t\t\t\t<\/div>\n\t\t\t\t<\/div>\n\t\t<div class=\"elementor-element elementor-element-896fbfc e-flex e-con-boxed e-con e-child\" data-id=\"896fbfc\" data-element_type=\"container\">\n\t\t\t\t\t<div class=\"e-con-inner\">\n\t\t\t\t<div class=\"elementor-element elementor-element-1d877a3 elementor-widget__width-initial elementor-invisible elementor-widget elementor-widget-text-editor\" data-id=\"1d877a3\" data-element_type=\"widget\" data-settings=\"{&quot;_animation&quot;:&quot;fadeIn&quot;}\" data-widget_type=\"text-editor.default\">\n\t\t\t\t<div class=\"elementor-widget-container\">\n\t\t\t\t\t\t\t\t\t<p>TU ESTANCIA PERFECTA EN TENERIFE<\/p>\t\t\t\t\t\t\t\t<\/div>\n\t\t\t\t<\/div>\n\t\t\t\t\t<\/div>\n\t\t\t\t<\/div>\n\t\t<div class=\"elementor-element elementor-element-7cb44f6 e-flex e-con-boxed e-con e-child\" data-id=\"7cb44f6\" data-element_type=\"container\">\n\t\t\t\t\t<div class=\"e-con-inner\">\n\t\t\t\t\t<\/div>\n\t\t\t\t<\/div>\n\t\t\t\t<\/div>\n\t\t<div class=\"elementor-element elementor-element-c748d4b e-flex e-con-boxed elementor-invisible e-con e-parent\" data-id=\"c748d4b\" data-element_type=\"container\" data-settings=\"{&quot;animation&quot;:&quot;fadeInUp&quot;}\">\n\t\t\t\t\t<div class=\"e-con-inner\">\n\t\t<div class=\"elementor-element elementor-element-7f07856 e-con-full e-flex e-con e-child\" data-id=\"7f07856\" data-element_type=\"container\">\n\t\t\t\t<div class=\"elementor-element elementor-element-6f5f8cf elementor-widget elementor-widget-image\" data-id=\"6f5f8cf\" data-element_type=\"widget\" data-widget_type=\"image.default\">\n\t\t\t\t<div class=\"elementor-widget-container\">\n\t\t\t\t\t\t\t\t\t\t\t\t\t\t\t<img fetchpriority=\"high\" decoding=\"async\" width=\"701\" height=\"701\" src=\"http:\/\/luxuryvillastenerife.com\/wp-content\/uploads\/2025\/02\/Recurso-3.png\" class=\"attachment-large size-large wp-image-413\" alt=\"\" srcset=\"http:\/\/luxuryvillastenerife.com\/wp-content\/uploads\/2025\/02\/Recurso-3.png 701w, http:\/\/luxuryvillastenerife.com\/wp-content\/uploads\/2025\/02\/Recurso-3-300x300.png 300w, http:\/\/luxuryvillastenerife.com\/wp-content\/uploads\/2025\/02\/Recurso-3-150x150.png 150w\" sizes=\"(max-width: 701px) 100vw, 701px\" \/>\t\t\t\t\t\t\t\t\t\t\t\t\t\t\t<\/div>\n\t\t\t\t<\/div>\n\t\t\t\t<\/div>\n\t\t<div class=\"elementor-element elementor-element-69af017 e-con-full e-flex e-con e-child\" data-id=\"69af017\" data-element_type=\"container\">\n\t\t<div class=\"elementor-element elementor-element-6f64695 e-con-full e-flex e-con e-child\" data-id=\"6f64695\" data-element_type=\"container\">\n\t\t\t\t<div class=\"elementor-element elementor-element-e13e3d1 elementor-widget elementor-widget-text-editor\" data-id=\"e13e3d1\" data-element_type=\"widget\" data-widget_type=\"text-editor.default\">\n\t\t\t\t<div class=\"elementor-widget-container\">\n\t\t\t\t\t\t\t\t\tNUESTRA MISI\u00d3N\t\t\t\t\t\t\t\t<\/div>\n\t\t\t\t<\/div>\n\t\t\t\t<\/div>\n\t\t<div class=\"elementor-element elementor-element-233e854 e-con-full e-flex e-con e-child\" data-id=\"233e854\" data-element_type=\"container\">\n\t\t\t\t<div class=\"elementor-element elementor-element-cbf36b4 elementor-widget elementor-widget-text-editor\" data-id=\"cbf36b4\" data-element_type=\"widget\" data-widget_type=\"text-editor.default\">\n\t\t\t\t<div class=\"elementor-widget-container\">\n\t\t\t\t\t\t\t\t\t<p>Descubra una exclusiva selecci\u00f3n de villas de lujo en las <strong>ubicaciones m\u00e1s impresionantes de Tenerife<\/strong>. Ya sea que busque un refugio frente al mar, un oasis de tranquilidad o una elegante villa moderna, ofrecemos propiedades que redefinen el lujo.<\/p><p>Cada villa est\u00e1 cuidadosamente dise\u00f1ada para brindar comodidad, privacidad y elegancia inigualables, garantizando una estancia que supere sus expectativas. <strong>Desde piscinas privadas hasta impresionantes vistas al mar<\/strong>, cada detalle est\u00e1 dise\u00f1ado para unas vacaciones inolvidables.<\/p><p>Al\u00f3jese en las ubicaciones m\u00e1s prestigiosas de la isla.<\/p><p>Disfrute de comodidades premium y un servicio personalizado.<\/p><p><strong>Viva Tenerife con el m\u00e1ximo lujo.<\/strong><\/p>\t\t\t\t\t\t\t\t<\/div>\n\t\t\t\t<\/div>\n\t\t\t\t<\/div>\n\t\t<div class=\"elementor-element elementor-element-e0c9a3a e-con-full e-flex e-con e-child\" data-id=\"e0c9a3a\" data-element_type=\"container\">\n\t\t\t\t<div class=\"elementor-element elementor-element-b0f180a elementor-widget__width-initial elementor-widget elementor-widget-button\" data-id=\"b0f180a\" data-element_type=\"widget\" data-widget_type=\"button.default\">\n\t\t\t\t<div class=\"elementor-widget-container\">\n\t\t\t\t\t\t\t\t\t<div class=\"elementor-button-wrapper\">\n\t\t\t\t\t<a class=\"elementor-button elementor-button-link elementor-size-sm\" href=\"https:\/\/www.enjoyahome.es\/\" target=\"_blank\">\n\t\t\t\t\t\t<span class=\"elementor-button-content-wrapper\">\n\t\t\t\t\t\t\t\t\t<span class=\"elementor-button-text\">RESERVA AHORA LA VILLA DE TUS SUE\u00d1OS<\/span>\n\t\t\t\t\t<\/span>\n\t\t\t\t\t<\/a>\n\t\t\t\t<\/div>\n\t\t\t\t\t\t\t\t<\/div>\n\t\t\t\t<\/div>\n\t\t\t\t<\/div>\n\t\t\t\t<\/div>\n\t\t\t\t\t<\/div>\n\t\t\t\t<\/div>\n\t\t<div class=\"elementor-element elementor-element-72c0943 e-flex e-con-boxed elementor-invisible e-con e-parent\" data-id=\"72c0943\" data-element_type=\"container\" data-settings=\"{&quot;animation&quot;:&quot;fadeInUp&quot;}\">\n\t\t\t\t\t<div class=\"e-con-inner\">\n\t\t<div class=\"elementor-element elementor-element-3d6edc3 e-con-full e-flex e-con e-child\" data-id=\"3d6edc3\" data-element_type=\"container\">\n\t\t\t\t<div class=\"elementor-element elementor-element-85ec219 elementor-widget elementor-widget-image\" data-id=\"85ec219\" data-element_type=\"widget\" data-widget_type=\"image.default\">\n\t\t\t\t<div class=\"elementor-widget-container\">\n\t\t\t\t\t\t\t\t\t\t\t\t\t\t\t<img decoding=\"async\" width=\"701\" height=\"701\" src=\"http:\/\/luxuryvillastenerife.com\/wp-content\/uploads\/2025\/02\/Recurso-2.png\" class=\"attachment-large size-large wp-image-414\" alt=\"\" srcset=\"http:\/\/luxuryvillastenerife.com\/wp-content\/uploads\/2025\/02\/Recurso-2.png 701w, http:\/\/luxuryvillastenerife.com\/wp-content\/uploads\/2025\/02\/Recurso-2-300x300.png 300w, http:\/\/luxuryvillastenerife.com\/wp-content\/uploads\/2025\/02\/Recurso-2-150x150.png 150w\" sizes=\"(max-width: 701px) 100vw, 701px\" \/>\t\t\t\t\t\t\t\t\t\t\t\t\t\t\t<\/div>\n\t\t\t\t<\/div>\n\t\t\t\t<\/div>\n\t\t<div class=\"elementor-element elementor-element-f651a09 e-con-full e-flex e-con e-child\" data-id=\"f651a09\" data-element_type=\"container\">\n\t\t<div class=\"elementor-element elementor-element-cfbcf97 e-con-full e-flex e-con e-child\" data-id=\"cfbcf97\" data-element_type=\"container\">\n\t\t\t\t<div class=\"elementor-element elementor-element-465412f elementor-widget elementor-widget-text-editor\" data-id=\"465412f\" data-element_type=\"widget\" data-widget_type=\"text-editor.default\">\n\t\t\t\t<div class=\"elementor-widget-container\">\n\t\t\t\t\t\t\t\t\tESTANCIAS EXCEPCIONALES\t\t\t\t\t\t\t\t<\/div>\n\t\t\t\t<\/div>\n\t\t\t\t<\/div>\n\t\t<div class=\"elementor-element elementor-element-67ec23d e-con-full e-flex e-con e-child\" data-id=\"67ec23d\" data-element_type=\"container\">\n\t\t\t\t<div class=\"elementor-element elementor-element-8da9075 elementor-widget elementor-widget-text-editor\" data-id=\"8da9075\" data-element_type=\"widget\" data-widget_type=\"text-editor.default\">\n\t\t\t\t<div class=\"elementor-widget-container\">\n\t\t\t\t\t\t\t\t\t<p>Vamos m\u00e1s all\u00e1 del simple alojamiento: <strong>creamos experiencias de lujo a medida<\/strong> en las mejores villas de Tenerife.<br \/><br \/><strong>Villas de lujo cuidadosamente seleccionadas<\/strong>: Propiedades exclusivas con servicios de alta gama, interiores elegantes y ubicaciones privilegiadas.<\/p><p><strong>Servicio de conserjer\u00eda personalizado<\/strong>: Desde chefs privados hasta alquiler de yates, nos encargamos de cada detalle para que su estancia sea inolvidable.<\/p><p>Proceso de <strong>reserva sin complicaciones<\/strong>: Reservas seguras, check-in flexible y un equipo dedicado para ayudarle.<\/p><p><strong>Privacidad y comodidad<\/strong>: Espaciosas casas con piscinas privadas, vistas impresionantes y la tranquilidad que se merece.<\/p><p>Ya sea que busque una escapada rom\u00e1ntica, unas vacaciones en familia o un retiro de lujo, nuestras villas ofrecen el entorno perfecto para su estancia en Tenerife.<\/p>\t\t\t\t\t\t\t\t<\/div>\n\t\t\t\t<\/div>\n\t\t\t\t<\/div>\n\t\t<div class=\"elementor-element elementor-element-e00dba1 e-con-full e-flex e-con e-child\" data-id=\"e00dba1\" data-element_type=\"container\">\n\t\t\t\t<div class=\"elementor-element elementor-element-56d6d87 elementor-widget__width-initial elementor-widget elementor-widget-button\" data-id=\"56d6d87\" data-element_type=\"widget\" data-widget_type=\"button.default\">\n\t\t\t\t<div class=\"elementor-widget-container\">\n\t\t\t\t\t\t\t\t\t<div class=\"elementor-button-wrapper\">\n\t\t\t\t\t<a class=\"elementor-button elementor-button-link elementor-size-sm\" href=\"https:\/\/www.enjoyahome.es\/\" target=\"_blank\">\n\t\t\t\t\t\t<span class=\"elementor-button-content-wrapper\">\n\t\t\t\t\t\t\t\t\t<span class=\"elementor-button-text\">NOSOTROS NOS ENCARGAMOS<\/span>\n\t\t\t\t\t<\/span>\n\t\t\t\t\t<\/a>\n\t\t\t\t<\/div>\n\t\t\t\t\t\t\t\t<\/div>\n\t\t\t\t<\/div>\n\t\t\t\t<\/div>\n\t\t\t\t<\/div>\n\t\t\t\t\t<\/div>\n\t\t\t\t<\/div>\n\t\t\t\t<\/div>\n\t\t","protected":false},"excerpt":{"rendered":"<p>TU ESTANCIA PERFECTA EN TENERIFE NUESTRA MISI\u00d3N Descubra una exclusiva selecci\u00f3n de villas de lujo en las ubicaciones m\u00e1s impresionantes de Tenerife. Ya sea que busque un refugio frente al mar, un oasis de tranquilidad o una elegante villa moderna, ofrecemos propiedades que redefinen el lujo. Cada villa est\u00e1 cuidadosamente dise\u00f1ada para brindar comodidad, privacidad &#8230; <a title=\"HOME\" class=\"read-more\" href=\"http:\/\/luxuryvillastenerife.com\/es\/\" aria-label=\"Leer m\u00e1s sobre HOME\">Leer m\u00e1s<\/a><\/p>\n","protected":false},"author":1,"featured_media":0,"parent":0,"menu_order":0,"comment_status":"closed","ping_status":"closed","template":"elementor_header_footer","meta":{"footnotes":""},"class_list":["post-410","page","type-page","status-publish"],"_links":{"self":[{"href":"http:\/\/luxuryvillastenerife.com\/es\/wp-json\/wp\/v2\/pages\/410","targetHints":{"allow":["GET"]}}],"collection":[{"href":"http:\/\/luxuryvillastenerife.com\/es\/wp-json\/wp\/v2\/pages"}],"about":[{"href":"http:\/\/luxuryvillastenerife.com\/es\/wp-json\/wp\/v2\/types\/page"}],"author":[{"embeddable":true,"href":"http:\/\/luxuryvillastenerife.com\/es\/wp-json\/wp\/v2\/users\/1"}],"replies":[{"embeddable":true,"href":"http:\/\/luxuryvillastenerife.com\/es\/wp-json\/wp\/v2\/comments?post=410"}],"version-history":[{"count":12,"href":"http:\/\/luxuryvillastenerife.com\/es\/wp-json\/wp\/v2\/pages\/410\/revisions"}],"predecessor-version":[{"id":447,"href":"http:\/\/luxuryvillastenerife.com\/es\/wp-json\/wp\/v2\/pages\/410\/revisions\/447"}],"wp:attachment":[{"href":"http:\/\/luxuryvillastenerife.com\/es\/wp-json\/wp\/v2\/media?parent=410"}],"curies":[{"name":"wp","href":"https:\/\/api.w.org\/{rel}","templated":true}]}}