{"id":404,"date":"2025-10-03T13:21:34","date_gmt":"2025-10-03T11:21:34","guid":{"rendered":"https:\/\/luxuryvillastenerife.com\/?page_id=404"},"modified":"2025-10-03T13:22:43","modified_gmt":"2025-10-03T11:22:43","slug":"contacto","status":"publish","type":"page","link":"http:\/\/luxuryvillastenerife.com\/es\/contacto\/","title":{"rendered":"CONTACTO"},"content":{"rendered":"\t\t<div data-elementor-type=\"wp-page\" data-elementor-id=\"404\" class=\"elementor elementor-404\" data-elementor-post-type=\"page\">\n\t\t\t\t<div class=\"elementor-element elementor-element-23e92a88 e-flex e-con-boxed e-con e-parent\" data-id=\"23e92a88\" data-element_type=\"container\">\n\t\t\t\t\t<div class=\"e-con-inner\">\n\t\t\t\t<div class=\"elementor-element elementor-element-6a1f5f74 elementor-widget elementor-widget-spacer\" data-id=\"6a1f5f74\" data-element_type=\"widget\" data-widget_type=\"spacer.default\">\n\t\t\t\t<div class=\"elementor-widget-container\">\n\t\t\t\t\t\t\t<div class=\"elementor-spacer\">\n\t\t\t<div class=\"elementor-spacer-inner\"><\/div>\n\t\t<\/div>\n\t\t\t\t\t\t<\/div>\n\t\t\t\t<\/div>\n\t\t\t\t\t<\/div>\n\t\t\t\t<\/div>\n\t\t<div class=\"elementor-element elementor-element-6d17456 e-flex e-con-boxed e-con e-parent\" data-id=\"6d17456\" data-element_type=\"container\" data-settings=\"{&quot;background_background&quot;:&quot;classic&quot;}\">\n\t\t\t\t\t<div class=\"e-con-inner\">\n\t\t\t\t\t<\/div>\n\t\t\t\t<\/div>\n\t\t<div class=\"elementor-element elementor-element-7f61a8ea elementor-hidden-mobile e-flex e-con-boxed e-con e-parent\" data-id=\"7f61a8ea\" data-element_type=\"container\">\n\t\t\t\t\t<div class=\"e-con-inner\">\n\t\t\t\t<div class=\"elementor-element elementor-element-af9eb5 elementor-widget elementor-widget-spacer\" data-id=\"af9eb5\" data-element_type=\"widget\" data-widget_type=\"spacer.default\">\n\t\t\t\t<div class=\"elementor-widget-container\">\n\t\t\t\t\t\t\t<div class=\"elementor-spacer\">\n\t\t\t<div class=\"elementor-spacer-inner\"><\/div>\n\t\t<\/div>\n\t\t\t\t\t\t<\/div>\n\t\t\t\t<\/div>\n\t\t\t\t\t<\/div>\n\t\t\t\t<\/div>\n\t\t<div class=\"elementor-element elementor-element-40755fe4 e-flex e-con-boxed e-con e-parent\" data-id=\"40755fe4\" data-element_type=\"container\">\n\t\t\t\t\t<div class=\"e-con-inner\">\n\t\t\t\t<div class=\"elementor-element elementor-element-44bdcabd elementor-widget elementor-widget-text-editor\" data-id=\"44bdcabd\" data-element_type=\"widget\" data-widget_type=\"text-editor.default\">\n\t\t\t\t<div class=\"elementor-widget-container\">\n\t\t\t\t\t\t\t\t\t<p>Contacto<\/p>\t\t\t\t\t\t\t\t<\/div>\n\t\t\t\t<\/div>\n\t\t\t\t<div class=\"elementor-element elementor-element-6a96d2ac elementor-widget elementor-widget-text-editor\" data-id=\"6a96d2ac\" data-element_type=\"widget\" data-widget_type=\"text-editor.default\">\n\t\t\t\t<div class=\"elementor-widget-container\">\n\t\t\t\t\t\t\t\t\t\n\u00bfPlaneando su pr\u00f3xima escapada de lujo a Tenerife? Le ayudamos a encontrar la villa perfecta para una estancia inolvidable.\t\t\t\t\t\t\t\t<\/div>\n\t\t\t\t<\/div>\n\t\t\t\t\t<\/div>\n\t\t\t\t<\/div>\n\t\t<div class=\"elementor-element elementor-element-14235b03 e-flex e-con-boxed e-con e-parent\" data-id=\"14235b03\" data-element_type=\"container\">\n\t\t\t\t\t<div class=\"e-con-inner\">\n\t\t<div class=\"elementor-element elementor-element-5aac2b5f e-con-full e-flex e-con e-child\" data-id=\"5aac2b5f\" data-element_type=\"container\">\n\t\t\t\t<div class=\"elementor-element elementor-element-46a37311 elementor-widget elementor-widget-text-editor\" data-id=\"46a37311\" data-element_type=\"widget\" data-widget_type=\"text-editor.default\">\n\t\t\t\t<div class=\"elementor-widget-container\">\n\t\t\t\t\t\t\t\t\t<p>Env\u00edenos una consulta, encontraremos la villa perfecta para usted.<\/p>\t\t\t\t\t\t\t\t<\/div>\n\t\t\t\t<\/div>\n\t\t\t\t<div class=\"elementor-element elementor-element-4bd6d2f4 elementor-widget elementor-widget-text-editor\" data-id=\"4bd6d2f4\" data-element_type=\"widget\" data-widget_type=\"text-editor.default\">\n\t\t\t\t<div class=\"elementor-widget-container\">\n\t\t\t\t\t\t\t\t\t<p><span>info@enjoyahome.es<\/span><\/p>\t\t\t\t\t\t\t\t<\/div>\n\t\t\t\t<\/div>\n\t\t\t\t<\/div>\n\t\t<div class=\"elementor-element elementor-element-182563fa e-con-full e-flex e-con e-child\" data-id=\"182563fa\" data-element_type=\"container\">\n\t\t\t\t<div class=\"elementor-element elementor-element-4a2707aa elementor-widget elementor-widget-text-editor\" data-id=\"4a2707aa\" data-element_type=\"widget\" data-widget_type=\"text-editor.default\">\n\t\t\t\t<div class=\"elementor-widget-container\">\n\t\t\t\t\t\t\t\t\t<pre id=\"tw-target-text\" class=\"tw-data-text tw-text-large tw-ta\" dir=\"ltr\" tabindex=\"-1\" role=\"text\" data-placeholder=\"Traducci\u00f3n\" data-ved=\"2ahUKEwi84Iqs8oeQAxVPRqQEHTeHIREQ3ewLegQIChAV\" aria-label=\"Texto traducido: Ll\u00e1manos ahora para asistencia personalizada\"><span class=\"Y2IQFc\" lang=\"es\">Ll\u00e1manos ahora para asistencia personalizada<\/span><\/pre>\t\t\t\t\t\t\t\t<\/div>\n\t\t\t\t<\/div>\n\t\t\t\t<div class=\"elementor-element elementor-element-45702a41 elementor-widget elementor-widget-text-editor\" data-id=\"45702a41\" data-element_type=\"widget\" data-widget_type=\"text-editor.default\">\n\t\t\t\t<div class=\"elementor-widget-container\">\n\t\t\t\t\t\t\t\t\t<p><span>(+34) 680 411 125<\/span><\/p>\t\t\t\t\t\t\t\t<\/div>\n\t\t\t\t<\/div>\n\t\t\t\t<\/div>\n\t\t\t\t\t<\/div>\n\t\t\t\t<\/div>\n\t\t<div class=\"elementor-element elementor-element-5b45024d e-flex e-con-boxed e-con e-parent\" data-id=\"5b45024d\" data-element_type=\"container\">\n\t\t\t\t\t<div class=\"e-con-inner\">\n\t\t\t\t<div class=\"elementor-element elementor-element-544a6398 elementor-widget elementor-widget-spacer\" data-id=\"544a6398\" data-element_type=\"widget\" data-widget_type=\"spacer.default\">\n\t\t\t\t<div class=\"elementor-widget-container\">\n\t\t\t\t\t\t\t<div class=\"elementor-spacer\">\n\t\t\t<div class=\"elementor-spacer-inner\"><\/div>\n\t\t<\/div>\n\t\t\t\t\t\t<\/div>\n\t\t\t\t<\/div>\n\t\t\t\t\t<\/div>\n\t\t\t\t<\/div>\n\t\t\t\t<\/div>\n\t\t","protected":false},"excerpt":{"rendered":"<p>Contacto \u00bfPlaneando su pr\u00f3xima escapada de lujo a Tenerife? Le ayudamos a encontrar la villa perfecta para una estancia inolvidable. Env\u00edenos una consulta, encontraremos la villa perfecta para usted. info@enjoyahome.es Ll\u00e1manos ahora para asistencia personalizada (+34) 680 411 125<\/p>\n","protected":false},"author":1,"featured_media":0,"parent":0,"menu_order":0,"comment_status":"closed","ping_status":"closed","template":"elementor_header_footer","meta":{"footnotes":""},"class_list":["post-404","page","type-page","status-publish"],"_links":{"self":[{"href":"http:\/\/luxuryvillastenerife.com\/es\/wp-json\/wp\/v2\/pages\/404","targetHints":{"allow":["GET"]}}],"collection":[{"href":"http:\/\/luxuryvillastenerife.com\/es\/wp-json\/wp\/v2\/pages"}],"about":[{"href":"http:\/\/luxuryvillastenerife.com\/es\/wp-json\/wp\/v2\/types\/page"}],"author":[{"embeddable":true,"href":"http:\/\/luxuryvillastenerife.com\/es\/wp-json\/wp\/v2\/users\/1"}],"replies":[{"embeddable":true,"href":"http:\/\/luxuryvillastenerife.com\/es\/wp-json\/wp\/v2\/comments?post=404"}],"version-history":[{"count":4,"href":"http:\/\/luxuryvillastenerife.com\/es\/wp-json\/wp\/v2\/pages\/404\/revisions"}],"predecessor-version":[{"id":409,"href":"http:\/\/luxuryvillastenerife.com\/es\/wp-json\/wp\/v2\/pages\/404\/revisions\/409"}],"wp:attachment":[{"href":"http:\/\/luxuryvillastenerife.com\/es\/wp-json\/wp\/v2\/media?parent=404"}],"curies":[{"name":"wp","href":"https:\/\/api.w.org\/{rel}","templated":true}]}}