{"id":398,"date":"2025-10-03T13:19:25","date_gmt":"2025-10-03T11:19:25","guid":{"rendered":"https:\/\/luxuryvillastenerife.com\/?page_id=398"},"modified":"2025-10-03T13:20:19","modified_gmt":"2025-10-03T11:20:19","slug":"galeria","status":"publish","type":"page","link":"http:\/\/luxuryvillastenerife.com\/es\/galeria\/","title":{"rendered":"Galer\u00eda"},"content":{"rendered":"\t\t<div data-elementor-type=\"wp-page\" data-elementor-id=\"398\" class=\"elementor elementor-398\" data-elementor-post-type=\"page\">\n\t\t\t\t<div class=\"elementor-element elementor-element-28b97a9e elementor-hidden-mobile e-flex e-con-boxed e-con e-parent\" data-id=\"28b97a9e\" data-element_type=\"container\">\n\t\t\t\t\t<div class=\"e-con-inner\">\n\t\t\t\t<div class=\"elementor-element elementor-element-abb59c5 elementor-widget elementor-widget-spacer\" data-id=\"abb59c5\" data-element_type=\"widget\" data-widget_type=\"spacer.default\">\n\t\t\t\t<div class=\"elementor-widget-container\">\n\t\t\t\t\t\t\t<div class=\"elementor-spacer\">\n\t\t\t<div class=\"elementor-spacer-inner\"><\/div>\n\t\t<\/div>\n\t\t\t\t\t\t<\/div>\n\t\t\t\t<\/div>\n\t\t\t\t\t<\/div>\n\t\t\t\t<\/div>\n\t\t<div class=\"elementor-element elementor-element-632158f2 e-flex e-con-boxed elementor-invisible e-con e-parent\" data-id=\"632158f2\" data-element_type=\"container\" data-settings=\"{&quot;background_background&quot;:&quot;classic&quot;,&quot;animation&quot;:&quot;fadeIn&quot;}\">\n\t\t\t\t\t<div class=\"e-con-inner\">\n\t\t\t\t<div class=\"elementor-element elementor-element-4b02d69b elementor-widget elementor-widget-text-editor\" data-id=\"4b02d69b\" data-element_type=\"widget\" data-widget_type=\"text-editor.default\">\n\t\t\t\t<div class=\"elementor-widget-container\">\n\t\t\t\t\t\t\t\t\t<p>DESCUBRE NUESTRAS <em>EXCLUSIVAS<\/em> VILLAS<\/p>\t\t\t\t\t\t\t\t<\/div>\n\t\t\t\t<\/div>\n\t\t\t\t<div class=\"elementor-element elementor-element-7bba9553 elementor-arrows-position-inside elementor-widget elementor-widget-image-carousel\" data-id=\"7bba9553\" data-element_type=\"widget\" data-settings=\"{&quot;slides_to_show&quot;:&quot;1&quot;,&quot;navigation&quot;:&quot;arrows&quot;,&quot;effect&quot;:&quot;fade&quot;,&quot;autoplay&quot;:&quot;yes&quot;,&quot;pause_on_hover&quot;:&quot;yes&quot;,&quot;pause_on_interaction&quot;:&quot;yes&quot;,&quot;autoplay_speed&quot;:5000,&quot;infinite&quot;:&quot;yes&quot;,&quot;speed&quot;:500}\" data-widget_type=\"image-carousel.default\">\n\t\t\t\t<div class=\"elementor-widget-container\">\n\t\t\t\t\t\t\t<div class=\"elementor-image-carousel-wrapper swiper\" role=\"region\" aria-roledescription=\"carousel\" aria-label=\"Carrusel de im\u00e1genes\" dir=\"ltr\">\n\t\t\t<div class=\"elementor-image-carousel swiper-wrapper\" aria-live=\"off\">\n\t\t\t\t\t\t\t\t<div class=\"swiper-slide\" role=\"group\" aria-roledescription=\"slide\" aria-label=\"1 de 25\"><figure class=\"swiper-slide-inner\"><img decoding=\"async\" class=\"swiper-slide-image\" src=\"http:\/\/luxuryvillastenerife.com\/wp-content\/uploads\/2025\/02\/CB1_014-768x768.jpg\" alt=\"CB1_014\" \/><\/figure><\/div><div class=\"swiper-slide\" role=\"group\" aria-roledescription=\"slide\" aria-label=\"2 de 25\"><figure class=\"swiper-slide-inner\"><img decoding=\"async\" class=\"swiper-slide-image\" src=\"http:\/\/luxuryvillastenerife.com\/wp-content\/uploads\/2025\/02\/CB1_013-768x768.jpg\" alt=\"CB1_013\" \/><\/figure><\/div><div class=\"swiper-slide\" role=\"group\" aria-roledescription=\"slide\" aria-label=\"3 de 25\"><figure class=\"swiper-slide-inner\"><img decoding=\"async\" class=\"swiper-slide-image\" src=\"http:\/\/luxuryvillastenerife.com\/wp-content\/uploads\/2025\/02\/CB1_009-768x768.jpg\" alt=\"CB1_009\" \/><\/figure><\/div><div class=\"swiper-slide\" role=\"group\" aria-roledescription=\"slide\" aria-label=\"4 de 25\"><figure class=\"swiper-slide-inner\"><img decoding=\"async\" class=\"swiper-slide-image\" src=\"http:\/\/luxuryvillastenerife.com\/wp-content\/uploads\/2025\/02\/CB1_008-768x768.jpg\" alt=\"CB1_008\" \/><\/figure><\/div><div class=\"swiper-slide\" role=\"group\" aria-roledescription=\"slide\" aria-label=\"5 de 25\"><figure class=\"swiper-slide-inner\"><img decoding=\"async\" class=\"swiper-slide-image\" src=\"http:\/\/luxuryvillastenerife.com\/wp-content\/uploads\/2025\/02\/CB1_007-1-768x768.jpg\" alt=\"CB1_007 (1)\" \/><\/figure><\/div><div class=\"swiper-slide\" role=\"group\" aria-roledescription=\"slide\" aria-label=\"6 de 25\"><figure class=\"swiper-slide-inner\"><img decoding=\"async\" class=\"swiper-slide-image\" src=\"http:\/\/luxuryvillastenerife.com\/wp-content\/uploads\/2025\/02\/CB1_006-1-768x768.jpg\" alt=\"CB1_006 (1)\" \/><\/figure><\/div><div class=\"swiper-slide\" role=\"group\" aria-roledescription=\"slide\" aria-label=\"7 de 25\"><figure class=\"swiper-slide-inner\"><img decoding=\"async\" class=\"swiper-slide-image\" src=\"http:\/\/luxuryvillastenerife.com\/wp-content\/uploads\/2025\/02\/CB1_005_2-768x768.jpg\" alt=\"CB1_005_2\" \/><\/figure><\/div><div class=\"swiper-slide\" role=\"group\" aria-roledescription=\"slide\" aria-label=\"8 de 25\"><figure class=\"swiper-slide-inner\"><img decoding=\"async\" class=\"swiper-slide-image\" src=\"http:\/\/luxuryvillastenerife.com\/wp-content\/uploads\/2025\/02\/CB1_004-768x768.jpg\" alt=\"CB1_004\" \/><\/figure><\/div><div class=\"swiper-slide\" role=\"group\" aria-roledescription=\"slide\" aria-label=\"9 de 25\"><figure class=\"swiper-slide-inner\"><img decoding=\"async\" class=\"swiper-slide-image\" src=\"http:\/\/luxuryvillastenerife.com\/wp-content\/uploads\/2025\/02\/CB1_035-1-768x768.jpg\" alt=\"CB1_035 (1)\" \/><\/figure><\/div><div class=\"swiper-slide\" role=\"group\" aria-roledescription=\"slide\" aria-label=\"10 de 25\"><figure class=\"swiper-slide-inner\"><img decoding=\"async\" class=\"swiper-slide-image\" src=\"http:\/\/luxuryvillastenerife.com\/wp-content\/uploads\/2025\/02\/CB1_034-768x768.jpg\" alt=\"CB1_034\" \/><\/figure><\/div><div class=\"swiper-slide\" role=\"group\" aria-roledescription=\"slide\" aria-label=\"11 de 25\"><figure class=\"swiper-slide-inner\"><img decoding=\"async\" class=\"swiper-slide-image\" src=\"http:\/\/luxuryvillastenerife.com\/wp-content\/uploads\/2025\/02\/CB1_032-768x768.jpg\" alt=\"CB1_032\" \/><\/figure><\/div><div class=\"swiper-slide\" role=\"group\" aria-roledescription=\"slide\" aria-label=\"12 de 25\"><figure class=\"swiper-slide-inner\"><img decoding=\"async\" class=\"swiper-slide-image\" src=\"http:\/\/luxuryvillastenerife.com\/wp-content\/uploads\/2025\/02\/CB1_029-768x768.jpg\" alt=\"CB1_029\" \/><\/figure><\/div><div class=\"swiper-slide\" role=\"group\" aria-roledescription=\"slide\" aria-label=\"13 de 25\"><figure class=\"swiper-slide-inner\"><img decoding=\"async\" class=\"swiper-slide-image\" src=\"http:\/\/luxuryvillastenerife.com\/wp-content\/uploads\/2025\/02\/CB1_028-768x768.jpg\" alt=\"CB1_028\" \/><\/figure><\/div><div class=\"swiper-slide\" role=\"group\" aria-roledescription=\"slide\" aria-label=\"14 de 25\"><figure class=\"swiper-slide-inner\"><img decoding=\"async\" class=\"swiper-slide-image\" src=\"http:\/\/luxuryvillastenerife.com\/wp-content\/uploads\/2025\/02\/CB1_027-768x768.jpg\" alt=\"CB1_027\" \/><\/figure><\/div><div class=\"swiper-slide\" role=\"group\" aria-roledescription=\"slide\" aria-label=\"15 de 25\"><figure class=\"swiper-slide-inner\"><img decoding=\"async\" class=\"swiper-slide-image\" src=\"http:\/\/luxuryvillastenerife.com\/wp-content\/uploads\/2025\/02\/CB1_026-768x768.jpg\" alt=\"CB1_026\" \/><\/figure><\/div><div class=\"swiper-slide\" role=\"group\" aria-roledescription=\"slide\" aria-label=\"16 de 25\"><figure class=\"swiper-slide-inner\"><img decoding=\"async\" class=\"swiper-slide-image\" src=\"http:\/\/luxuryvillastenerife.com\/wp-content\/uploads\/2025\/02\/CB1_025-768x768.jpg\" alt=\"CB1_025\" \/><\/figure><\/div><div class=\"swiper-slide\" role=\"group\" aria-roledescription=\"slide\" aria-label=\"17 de 25\"><figure class=\"swiper-slide-inner\"><img decoding=\"async\" class=\"swiper-slide-image\" src=\"http:\/\/luxuryvillastenerife.com\/wp-content\/uploads\/2025\/02\/CB1_024-768x768.jpg\" alt=\"CB1_024\" \/><\/figure><\/div><div class=\"swiper-slide\" role=\"group\" aria-roledescription=\"slide\" aria-label=\"18 de 25\"><figure class=\"swiper-slide-inner\"><img decoding=\"async\" class=\"swiper-slide-image\" src=\"http:\/\/luxuryvillastenerife.com\/wp-content\/uploads\/2025\/02\/CB1_023-768x768.jpg\" alt=\"CB1_023\" \/><\/figure><\/div><div class=\"swiper-slide\" role=\"group\" aria-roledescription=\"slide\" aria-label=\"19 de 25\"><figure class=\"swiper-slide-inner\"><img decoding=\"async\" class=\"swiper-slide-image\" src=\"http:\/\/luxuryvillastenerife.com\/wp-content\/uploads\/2025\/02\/CB1_022-768x768.jpg\" alt=\"CB1_022\" \/><\/figure><\/div><div class=\"swiper-slide\" role=\"group\" aria-roledescription=\"slide\" aria-label=\"20 de 25\"><figure class=\"swiper-slide-inner\"><img decoding=\"async\" class=\"swiper-slide-image\" src=\"http:\/\/luxuryvillastenerife.com\/wp-content\/uploads\/2025\/02\/CB1_021-768x768.jpg\" alt=\"CB1_021\" \/><\/figure><\/div><div class=\"swiper-slide\" role=\"group\" aria-roledescription=\"slide\" aria-label=\"21 de 25\"><figure class=\"swiper-slide-inner\"><img decoding=\"async\" class=\"swiper-slide-image\" src=\"http:\/\/luxuryvillastenerife.com\/wp-content\/uploads\/2025\/02\/CB1_020-768x768.jpg\" alt=\"CB1_020\" \/><\/figure><\/div><div class=\"swiper-slide\" role=\"group\" aria-roledescription=\"slide\" aria-label=\"22 de 25\"><figure class=\"swiper-slide-inner\"><img decoding=\"async\" class=\"swiper-slide-image\" src=\"http:\/\/luxuryvillastenerife.com\/wp-content\/uploads\/2025\/02\/CB1_019-768x768.jpg\" alt=\"CB1_019\" \/><\/figure><\/div><div class=\"swiper-slide\" role=\"group\" aria-roledescription=\"slide\" aria-label=\"23 de 25\"><figure class=\"swiper-slide-inner\"><img decoding=\"async\" class=\"swiper-slide-image\" src=\"http:\/\/luxuryvillastenerife.com\/wp-content\/uploads\/2025\/02\/CB1_017-768x768.jpg\" alt=\"CB1_017\" \/><\/figure><\/div><div class=\"swiper-slide\" role=\"group\" aria-roledescription=\"slide\" aria-label=\"24 de 25\"><figure class=\"swiper-slide-inner\"><img decoding=\"async\" class=\"swiper-slide-image\" src=\"http:\/\/luxuryvillastenerife.com\/wp-content\/uploads\/2025\/02\/CB1_016-768x768.jpg\" alt=\"CB1_016\" \/><\/figure><\/div><div class=\"swiper-slide\" role=\"group\" aria-roledescription=\"slide\" aria-label=\"25 de 25\"><figure class=\"swiper-slide-inner\"><img decoding=\"async\" class=\"swiper-slide-image\" src=\"http:\/\/luxuryvillastenerife.com\/wp-content\/uploads\/2025\/02\/CB1_015-768x768.jpg\" alt=\"CB1_015\" \/><\/figure><\/div>\t\t\t<\/div>\n\t\t\t\t\t\t\t\t\t\t\t\t<div class=\"elementor-swiper-button elementor-swiper-button-prev\" role=\"button\" tabindex=\"0\">\n\t\t\t\t\t\t<svg xmlns=\"http:\/\/www.w3.org\/2000\/svg\" id=\"Capa_2\" data-name=\"Capa 2\" viewBox=\"0 0 284.21 284.21\"><defs><style>      .cls-1 {        fill: none;        stroke: #114054;        stroke-miterlimit: 10;        stroke-width: 10px;      }    <\/style><\/defs><g id=\"Capa_1-2\" data-name=\"Capa 1\"><g><polyline class=\"cls-1\" points=\"174.01 224.06 92.06 142.11 174.01 60.15\"><\/polyline><circle class=\"cls-1\" cx=\"142.11\" cy=\"142.11\" r=\"137.11\"><\/circle><\/g><\/g><\/svg>\t\t\t\t\t<\/div>\n\t\t\t\t\t<div class=\"elementor-swiper-button elementor-swiper-button-next\" role=\"button\" tabindex=\"0\">\n\t\t\t\t\t\t<svg xmlns=\"http:\/\/www.w3.org\/2000\/svg\" id=\"Capa_2\" data-name=\"Capa 2\" viewBox=\"0 0 284.21 284.21\"><defs><style>      .cls-1 {        fill: none;        stroke: #114054;        stroke-miterlimit: 10;        stroke-width: 10px;      }    <\/style><\/defs><g id=\"Capa_1-2\" data-name=\"Capa 1\"><g><polyline class=\"cls-1\" points=\"110.2 224.06 192.16 142.11 110.2 60.15\"><\/polyline><circle class=\"cls-1\" cx=\"142.11\" cy=\"142.11\" r=\"137.11\"><\/circle><\/g><\/g><\/svg>\t\t\t\t\t<\/div>\n\t\t\t\t\n\t\t\t\t\t\t\t\t\t<\/div>\n\t\t\t\t\t\t<\/div>\n\t\t\t\t<\/div>\n\t\t\t\t\t<\/div>\n\t\t\t\t<\/div>\n\t\t<div class=\"elementor-element elementor-element-26e1a42a elementor-hidden-mobile e-flex e-con-boxed e-con e-parent\" data-id=\"26e1a42a\" data-element_type=\"container\">\n\t\t\t\t\t<div class=\"e-con-inner\">\n\t\t\t\t<div class=\"elementor-element elementor-element-76aec47e elementor-widget elementor-widget-spacer\" data-id=\"76aec47e\" data-element_type=\"widget\" data-widget_type=\"spacer.default\">\n\t\t\t\t<div class=\"elementor-widget-container\">\n\t\t\t\t\t\t\t<div class=\"elementor-spacer\">\n\t\t\t<div class=\"elementor-spacer-inner\"><\/div>\n\t\t<\/div>\n\t\t\t\t\t\t<\/div>\n\t\t\t\t<\/div>\n\t\t\t\t\t<\/div>\n\t\t\t\t<\/div>\n\t\t<div class=\"elementor-element elementor-element-6855483c e-flex e-con-boxed elementor-invisible e-con e-parent\" data-id=\"6855483c\" data-element_type=\"container\" data-settings=\"{&quot;animation&quot;:&quot;fadeIn&quot;}\">\n\t\t\t\t\t<div class=\"e-con-inner\">\n\t\t\t\t<div class=\"elementor-element elementor-element-63ddb7a9 elementor-widget elementor-widget-text-editor\" data-id=\"63ddb7a9\" data-element_type=\"widget\" data-widget_type=\"text-editor.default\">\n\t\t\t\t<div class=\"elementor-widget-container\">\n\t\t\t\t\t\t\t\t\t<p>Explora nuestra colecci\u00f3n de villas de lujo y elegantes apartamentos en las ubicaciones m\u00e1s impresionantes de Tenerife. Cada propiedad est\u00e1 cuidadosamente gestionada para garantizar el m\u00e1ximo confort y una estancia inolvidable.<\/p>\t\t\t\t\t\t\t\t<\/div>\n\t\t\t\t<\/div>\n\t\t\t\t<div class=\"elementor-element elementor-element-2b045b8e elementor-widget elementor-widget-text-editor\" data-id=\"2b045b8e\" data-element_type=\"widget\" data-widget_type=\"text-editor.default\">\n\t\t\t\t<div class=\"elementor-widget-container\">\n\t\t\t\t\t\t\t\t\t<p>Si buscas la escapada de vacaciones perfecta, reserva ahora y disfruta de una experiencia sin estr\u00e9s.<\/p>\t\t\t\t\t\t\t\t<\/div>\n\t\t\t\t<\/div>\n\t\t\t\t<div class=\"elementor-element elementor-element-70f14788 elementor-align-center elementor-widget elementor-widget-button\" data-id=\"70f14788\" data-element_type=\"widget\" data-widget_type=\"button.default\">\n\t\t\t\t<div class=\"elementor-widget-container\">\n\t\t\t\t\t\t\t\t\t<div class=\"elementor-button-wrapper\">\n\t\t\t\t\t<a class=\"elementor-button elementor-button-link elementor-size-sm\" href=\"https:\/\/www.enjoyahome.es\/\" target=\"_blank\">\n\t\t\t\t\t\t<span class=\"elementor-button-content-wrapper\">\n\t\t\t\t\t\t\t\t\t<span class=\"elementor-button-text\">RESERVA<\/span>\n\t\t\t\t\t<\/span>\n\t\t\t\t\t<\/a>\n\t\t\t\t<\/div>\n\t\t\t\t\t\t\t\t<\/div>\n\t\t\t\t<\/div>\n\t\t\t\t\t<\/div>\n\t\t\t\t<\/div>\n\t\t<div class=\"elementor-element elementor-element-370bd1b0 elementor-hidden-mobile e-flex e-con-boxed e-con e-parent\" data-id=\"370bd1b0\" data-element_type=\"container\">\n\t\t\t\t\t<div class=\"e-con-inner\">\n\t\t\t\t<div class=\"elementor-element elementor-element-64f838d1 elementor-widget elementor-widget-spacer\" data-id=\"64f838d1\" data-element_type=\"widget\" data-widget_type=\"spacer.default\">\n\t\t\t\t<div class=\"elementor-widget-container\">\n\t\t\t\t\t\t\t<div class=\"elementor-spacer\">\n\t\t\t<div class=\"elementor-spacer-inner\"><\/div>\n\t\t<\/div>\n\t\t\t\t\t\t<\/div>\n\t\t\t\t<\/div>\n\t\t\t\t\t<\/div>\n\t\t\t\t<\/div>\n\t\t\t\t<\/div>\n\t\t","protected":false},"excerpt":{"rendered":"<p>DESCUBRE NUESTRAS EXCLUSIVAS VILLAS Explora nuestra colecci\u00f3n de villas de lujo y elegantes apartamentos en las ubicaciones m\u00e1s impresionantes de Tenerife. Cada propiedad est\u00e1 cuidadosamente gestionada para garantizar el m\u00e1ximo confort y una estancia inolvidable. Si buscas la escapada de vacaciones perfecta, reserva ahora y disfruta de una experiencia sin estr\u00e9s. RESERVA<\/p>\n","protected":false},"author":1,"featured_media":0,"parent":0,"menu_order":0,"comment_status":"closed","ping_status":"closed","template":"elementor_header_footer","meta":{"footnotes":""},"class_list":["post-398","page","type-page","status-publish"],"_links":{"self":[{"href":"http:\/\/luxuryvillastenerife.com\/es\/wp-json\/wp\/v2\/pages\/398","targetHints":{"allow":["GET"]}}],"collection":[{"href":"http:\/\/luxuryvillastenerife.com\/es\/wp-json\/wp\/v2\/pages"}],"about":[{"href":"http:\/\/luxuryvillastenerife.com\/es\/wp-json\/wp\/v2\/types\/page"}],"author":[{"embeddable":true,"href":"http:\/\/luxuryvillastenerife.com\/es\/wp-json\/wp\/v2\/users\/1"}],"replies":[{"embeddable":true,"href":"http:\/\/luxuryvillastenerife.com\/es\/wp-json\/wp\/v2\/comments?post=398"}],"version-history":[{"count":4,"href":"http:\/\/luxuryvillastenerife.com\/es\/wp-json\/wp\/v2\/pages\/398\/revisions"}],"predecessor-version":[{"id":403,"href":"http:\/\/luxuryvillastenerife.com\/es\/wp-json\/wp\/v2\/pages\/398\/revisions\/403"}],"wp:attachment":[{"href":"http:\/\/luxuryvillastenerife.com\/es\/wp-json\/wp\/v2\/media?parent=398"}],"curies":[{"name":"wp","href":"https:\/\/api.w.org\/{rel}","templated":true}]}}